{"id":178,"date":"2012-05-10T14:47:03","date_gmt":"2012-05-10T12:47:03","guid":{"rendered":"https:\/\/jbcon.se\/?page_id=178"},"modified":"2020-08-11T14:03:46","modified_gmt":"2020-08-11T12:03:46","slug":"utbildningarcertifieringar","status":"publish","type":"page","link":"https:\/\/jbcon.se\/?page_id=178","title":{"rendered":"Certifieringar\/kurser"},"content":{"rendered":"<p style=\"text-align: left;\"><strong>JBCONs <\/strong>byggnadsingenj\u00f6rer \u00e4r anslutna till SBR (Sveriges byggingenj\u00f6rers riksf\u00f6rbund). Som ett led i v\u00e5r kvalitetss\u00e4kring deltar vi \u00e5rligen i kurser,\u00a0symposium och vidareutbildningar som genomf\u00f6rs av v\u00e5ra branschorganisationer.<\/p>\n<p style=\"text-align: left;\">\n<p>F\u00f6r vidare information om <strong>Certifierad<\/strong> <strong>Kontrollansvarig <\/strong>samt <strong>Certifierad Besiktningsman:<\/strong><\/p>\n<p><span style=\"color: #3366ff;\"><a href=\"http:\/\/www.boverket.se\"><span style=\"color: #3366ff;\">www.boverket.se<\/span><\/a>;<\/span> <span style=\"color: #3366ff;\"><a href=\"http:\/\/www.sitac.se\"><span style=\"color: #3366ff;\">www.rise.se<\/span><\/a>; www.sbr.se\u00a0<\/span><\/p>\n<p><a href=\"https:\/\/jbcon.se\/wp-content\/uploads\/2012\/05\/Joakim_Backelius_EBM.jpg\"><img loading=\"lazy\" decoding=\"async\" class=\"size-medium wp-image-577 alignleft\" src=\"https:\/\/jbcon.se\/wp-content\/uploads\/2012\/05\/Joakim_Backelius_EBM-300x200.jpg\" alt=\"Joakim_Backelius_EBM\" width=\"300\" height=\"200\" srcset=\"https:\/\/jbcon.se\/wp-content\/uploads\/2012\/05\/Joakim_Backelius_EBM-300x200.jpg 300w, https:\/\/jbcon.se\/wp-content\/uploads\/2012\/05\/Joakim_Backelius_EBM-1024x683.jpg 1024w, https:\/\/jbcon.se\/wp-content\/uploads\/2012\/05\/Joakim_Backelius_EBM-450x300.jpg 450w\" sizes=\"auto, (max-width: 300px) 100vw, 300px\" \/><\/a><a href=\"https:\/\/jbcon.se\/wp-content\/uploads\/2012\/05\/Joakim_Backelius_KA.jpg\"><img loading=\"lazy\" decoding=\"async\" class=\"size-medium wp-image-578 alignleft\" src=\"https:\/\/jbcon.se\/wp-content\/uploads\/2012\/05\/Joakim_Backelius_KA-300x200.jpg\" alt=\"Joakim_Backelius_KA\" width=\"300\" height=\"200\" srcset=\"https:\/\/jbcon.se\/wp-content\/uploads\/2012\/05\/Joakim_Backelius_KA-300x200.jpg 300w, https:\/\/jbcon.se\/wp-content\/uploads\/2012\/05\/Joakim_Backelius_KA-1024x683.jpg 1024w, https:\/\/jbcon.se\/wp-content\/uploads\/2012\/05\/Joakim_Backelius_KA-450x300.jpg 450w\" sizes=\"auto, (max-width: 300px) 100vw, 300px\" \/><\/a><\/p>\n","protected":false},"excerpt":{"rendered":"<p>JBCONs byggnadsingenj\u00f6rer \u00e4r anslutna till SBR (Sveriges byggingenj\u00f6rers riksf\u00f6rbund). Som ett led i v\u00e5r kvalitetss\u00e4kring deltar vi \u00e5rligen i kurser,\u00a0symposium och vidareutbildningar som genomf\u00f6rs av v\u00e5ra branschorganisationer. F\u00f6r vidare information om Certifierad Kontrollansvarig samt Certifierad Besiktningsman: www.boverket.se; www.rise.se; www.sbr.se\u00a0<\/p>\n","protected":false},"author":1,"featured_media":0,"parent":0,"menu_order":2,"comment_status":"closed","ping_status":"open","template":"","meta":{"footnotes":""},"class_list":["post-178","page","type-page","status-publish","hentry"],"_links":{"self":[{"href":"https:\/\/jbcon.se\/index.php?rest_route=\/wp\/v2\/pages\/178","targetHints":{"allow":["GET"]}}],"collection":[{"href":"https:\/\/jbcon.se\/index.php?rest_route=\/wp\/v2\/pages"}],"about":[{"href":"https:\/\/jbcon.se\/index.php?rest_route=\/wp\/v2\/types\/page"}],"author":[{"embeddable":true,"href":"https:\/\/jbcon.se\/index.php?rest_route=\/wp\/v2\/users\/1"}],"replies":[{"embeddable":true,"href":"https:\/\/jbcon.se\/index.php?rest_route=%2Fwp%2Fv2%2Fcomments&post=178"}],"version-history":[{"count":51,"href":"https:\/\/jbcon.se\/index.php?rest_route=\/wp\/v2\/pages\/178\/revisions"}],"predecessor-version":[{"id":609,"href":"https:\/\/jbcon.se\/index.php?rest_route=\/wp\/v2\/pages\/178\/revisions\/609"}],"wp:attachment":[{"href":"https:\/\/jbcon.se\/index.php?rest_route=%2Fwp%2Fv2%2Fmedia&parent=178"}],"curies":[{"name":"wp","href":"https:\/\/api.w.org\/{rel}","templated":true}]}}