{"id":130,"date":"2012-05-10T12:12:42","date_gmt":"2012-05-10T10:12:42","guid":{"rendered":"https:\/\/jbcon.se\/?page_id=130"},"modified":"2020-08-11T14:53:50","modified_gmt":"2020-08-11T12:53:50","slug":"tjanster","status":"publish","type":"page","link":"https:\/\/jbcon.se\/?page_id=130","title":{"rendered":"JBCON AB"},"content":{"rendered":"<p><span style=\"font-size: small;\"><span style=\"color: #000000;\"><a href=\"https:\/\/jbcon.se\/wp-content\/uploads\/2012\/05\/MP9003852551.jpg\"><img loading=\"lazy\" decoding=\"async\" class=\"alignright size-thumbnail wp-image-161\" title=\"MP900385255\" src=\"https:\/\/jbcon.se\/wp-content\/uploads\/2012\/05\/MP9003852551-150x150.jpg\" alt=\"\" width=\"150\" height=\"150\" \/><\/a><\/span><\/span><\/p>\n<p><strong>JBCONs\u00a0<\/strong>byggnadsingenj\u00f6rer \u00e4r medlemmar av\u00a0Svenska Byggingenj\u00f6rers Riksf\u00f6rbunds (SBR) expertgrupper f\u00f6r\u00a0Kontrollansvariga\u00a0samt\u00a0Besiktningsm\u00e4n och \u00e4r certifierade av SP\/RISE personcertifiering.<\/p>\n<p><strong>JBCON<\/strong> erbjuder Bygg- och Projektledning genom hela<br \/>\nbyggprocessen fr\u00e5n id\u00e9stadie till inflyttning. Vi har l\u00e5ng och v\u00e4ldokumenterad erfarenhet fr\u00e5n branschen med ett stort kontaktn\u00e4t av projekt\u00f6rer, arkitekter och entrepren\u00f6rer.<\/p>\n<p>Geografiskt jobbar vi i hela Sverige, men fr\u00e4mst i M\u00e4lardalen och i Dalarnas l\u00e4n.<\/p>\n<p>F\u00f6r att s\u00e4kerst\u00e4lla\u00a0 st\u00f6rsta m\u00f6jliga trygghet f\u00f6r kunden f\u00f6ljer vi branschens normer f\u00f6r kvalitetss\u00e4kring och yrkesetik.<\/p>\n<h4><span style=\"text-decoration: underline;\">V\u00e5ra tj\u00e4nster<\/span><\/h4>\n<ul>\n<li>Bas-P, Bas-U, Arbetsmilj\u00f6planer<\/li>\n<li>Bygglovshantering<\/li>\n<li>Projektering<\/li>\n<li>Tidplaner<\/li>\n<li>Upphandling<\/li>\n<li>Projektledning, Byggledning<\/li>\n<li>Kontrollansvarig (KA), beh\u00f6righet K<\/li>\n<li>Statusbesiktningar<\/li>\n<li>Entreprenadbesiktningar<\/li>\n<li>Underh\u00e5llsplanering Brf<br \/>\n<hr \/>\n<\/li>\n<\/ul>\n<p><a href=\"https:\/\/jbcon.se\/wp-content\/uploads\/2012\/05\/JBCON1.jpg\"><img loading=\"lazy\" decoding=\"async\" class=\"aligncenter size-full wp-image-281\" title=\"JBCON\" src=\"https:\/\/jbcon.se\/wp-content\/uploads\/2012\/05\/JBCON1.jpg\" alt=\"\" width=\"116\" height=\"72\" \/><\/a><\/p>\n","protected":false},"excerpt":{"rendered":"<p>JBCONs\u00a0byggnadsingenj\u00f6rer \u00e4r medlemmar av\u00a0Svenska Byggingenj\u00f6rers Riksf\u00f6rbunds (SBR) expertgrupper f\u00f6r\u00a0Kontrollansvariga\u00a0samt\u00a0Besiktningsm\u00e4n och \u00e4r certifierade av SP\/RISE personcertifiering. JBCON erbjuder Bygg- och Projektledning genom hela byggprocessen fr\u00e5n id\u00e9stadie till inflyttning. Vi har l\u00e5ng och v\u00e4ldokumenterad erfarenhet fr\u00e5n branschen med ett stort kontaktn\u00e4t av &hellip; <a href=\"https:\/\/jbcon.se\/?page_id=130\">Forts\u00e4tt l\u00e4sa <span class=\"meta-nav\">&rarr;<\/span><\/a><\/p>\n","protected":false},"author":1,"featured_media":0,"parent":0,"menu_order":1,"comment_status":"closed","ping_status":"open","template":"","meta":{"footnotes":""},"class_list":["post-130","page","type-page","status-publish","hentry"],"_links":{"self":[{"href":"https:\/\/jbcon.se\/index.php?rest_route=\/wp\/v2\/pages\/130","targetHints":{"allow":["GET"]}}],"collection":[{"href":"https:\/\/jbcon.se\/index.php?rest_route=\/wp\/v2\/pages"}],"about":[{"href":"https:\/\/jbcon.se\/index.php?rest_route=\/wp\/v2\/types\/page"}],"author":[{"embeddable":true,"href":"https:\/\/jbcon.se\/index.php?rest_route=\/wp\/v2\/users\/1"}],"replies":[{"embeddable":true,"href":"https:\/\/jbcon.se\/index.php?rest_route=%2Fwp%2Fv2%2Fcomments&post=130"}],"version-history":[{"count":38,"href":"https:\/\/jbcon.se\/index.php?rest_route=\/wp\/v2\/pages\/130\/revisions"}],"predecessor-version":[{"id":624,"href":"https:\/\/jbcon.se\/index.php?rest_route=\/wp\/v2\/pages\/130\/revisions\/624"}],"wp:attachment":[{"href":"https:\/\/jbcon.se\/index.php?rest_route=%2Fwp%2Fv2%2Fmedia&parent=130"}],"curies":[{"name":"wp","href":"https:\/\/api.w.org\/{rel}","templated":true}]}}